{"id":576,"date":"2014-07-22T17:29:49","date_gmt":"2014-07-22T17:29:49","guid":{"rendered":"http:\/\/solice.es\/site\/?page_id=576"},"modified":"2015-03-18T10:37:16","modified_gmt":"2015-03-18T10:37:16","slug":"ingenieria","status":"publish","type":"page","link":"https:\/\/solice.es\/site\/ingenieria\/","title":{"rendered":"Ingenier\u00eda"},"content":{"rendered":"<div id=\"pl-576\"  class=\"panel-layout\" ><div id=\"pg-576-0\"  class=\"panel-grid panel-no-style\" ><div id=\"pgc-576-0-0\"  class=\"panel-grid-cell panel-grid-cell-empty\" ><\/div><\/div><div id=\"pg-576-1\"  class=\"panel-grid panel-no-style\" ><div id=\"pgc-576-1-0\"  class=\"panel-grid-cell\" ><div id=\"panel-576-1-0-0\" class=\"so-panel widget widget_siteorigin-panels-image panel-first-child panel-last-child\" data-index=\"0\" ><img decoding=\"async\" src=\"\/site\/wp-content\/uploads\/2014\/12\/Arroyo-del-borbon-placa-reflejo.jpg\" \/><\/div><\/div><div id=\"pgc-576-1-1\"  class=\"panel-grid-cell\" ><div id=\"panel-576-1-1-0\" class=\"so-panel widget widget_black-studio-tinymce widget_black_studio_tinymce panel-first-child panel-last-child\" data-index=\"1\" ><div class=\"textwidget\"><p style=\"text-align: justify;\">Realizaci\u00f3n de proyectos llave en mano de instalaciones fotovoltaicas, en las que abarcamos todas y cada una de sus fases:<\/p>\n<ul style=\"text-align: justify;\">\n<li>\u00a0Gesti\u00f3n como Promotor.<\/li>\n<\/ul>\n<p style=\"text-align: justify;\">\u00a0\u00a0\u00a0\u00a0\u00a0\u00a0\u00a0\u00a0\u00a0\u00a0 B\u00fasqueda de ubicaciones id\u00f3neas para las instalaciones\u00a0y financiaci\u00f3n para el proyecto.<\/p>\n<ul style=\"text-align: justify;\">\n<li style=\"text-align: justify;\">Ingenier\u00eda\u00a0<\/li>\n<\/ul>\n<p style=\"text-align: justify;\">\u00a0\u00a0\u00a0\u00a0\u00a0\u00a0\u00a0\u00a0 Dise\u00f1o de la planta, l\u00ednea de evacuaci\u00f3n, centros de transformaci\u00f3n y subestaci\u00f3n.<br \/>\u00a0\u00a0\u00a0\u00a0\u00a0\u00a0\u00a0\u00a0\u00a0Redacci\u00f3n de Proyecto de Ejecuci\u00f3n.<br \/>\u00a0\u00a0\u00a0\u00a0\u00a0\u00a0\u00a0\u00a0\u00a0Gesti\u00f3n ante\u00a0Administraci\u00f3n P\u00fablica y Compa\u00f1\u00eda El\u00e9ctrica.<br \/>\u00a0\u00a0\u00a0\u00a0\u00a0\u00a0\u00a0\u00a0 Montaje de las instalaciones en BT, comunicaciones, vigilancia, media tensi\u00f3n y alta tensi\u00f3n.<br \/>\u00a0\u00a0\u00a0\u00a0\u00a0\u00a0\u00a0\u00a0 Construcci\u00f3n de las instalaciones de generaci\u00f3n y evacuaci\u00f3n.<\/p>\n<ul style=\"text-align: justify;\">\n<li style=\"text-align: justify;\">Gesti\u00f3n de Compras<\/li>\n<\/ul>\n<p style=\"text-align: justify;\">\u00a0\u00a0\u00a0\u00a0\u00a0\u00a0\u00a0\u00a0\u00a0\u00a0Suministro de todos los\u00a0elementos necesarios para este tipo de instalaciones.<br \/>\u00a0\u00a0\u00a0\u00a0\u00a0\u00a0\u00a0\u00a0\u00a0 Evaluaci\u00f3n y selecci\u00f3n de\u00a0proveedores.<br \/>\u00a0\u00a0\u00a0\u00a0\u00a0\u00a0\u00a0\u00a0\u00a0 Preparaci\u00f3n de Especificaciones T\u00e9cnicas.<\/p>\n<ul>\n<li style=\"text-align: justify;\">Direcci\u00f3n de obra y supervisi\u00f3n del Proyecto.<\/li>\n<li style=\"text-align: justify;\">Pruebas y Puesta en Marcha de la instalaci\u00f3n\u00a0(Commissioning).<\/li>\n<li style=\"text-align: justify;\">Gesti\u00f3n de predicciones de producci\u00f3n de las\u00a0instalaciones.<\/li>\n<\/ul>\n<\/div><\/div><\/div><\/div><\/div>","protected":false},"excerpt":{"rendered":"<p>Realizaci\u00f3n de proyectos llave en mano de instalaciones fotovoltaicas, en las que abarcamos todas y cada una de sus fases:\u00a0Gesti\u00f3n como Promotor.\u00a0\u00a0\u00a0\u00a0\u00a0\u00a0\u00a0\u00a0\u00a0\u00a0 B\u00fasqueda de ubicaciones id\u00f3neas para las instalaciones\u00a0y financiaci\u00f3n para el proyecto.Ingenier\u00eda\u00a0\u00a0\u00a0\u00a0\u00a0\u00a0\u00a0\u00a0\u00a0 Dise\u00f1o de la planta, l\u00ednea de evacuaci\u00f3n, &hellip; <a class=\"kt-excerpt-readmore\" href=\"https:\/\/solice.es\/site\/ingenieria\/\" aria-label=\"Ingenier\u00eda\">Leer m&aacute;s<\/a><\/p>\n","protected":false},"author":1,"featured_media":755,"parent":0,"menu_order":0,"comment_status":"closed","ping_status":"closed","template":"page-fullwidth.php","meta":{"footnotes":""},"class_list":["post-576","page","type-page","status-publish","has-post-thumbnail","hentry"],"_links":{"self":[{"href":"https:\/\/solice.es\/site\/wp-json\/wp\/v2\/pages\/576","targetHints":{"allow":["GET"]}}],"collection":[{"href":"https:\/\/solice.es\/site\/wp-json\/wp\/v2\/pages"}],"about":[{"href":"https:\/\/solice.es\/site\/wp-json\/wp\/v2\/types\/page"}],"author":[{"embeddable":true,"href":"https:\/\/solice.es\/site\/wp-json\/wp\/v2\/users\/1"}],"replies":[{"embeddable":true,"href":"https:\/\/solice.es\/site\/wp-json\/wp\/v2\/comments?post=576"}],"version-history":[{"count":23,"href":"https:\/\/solice.es\/site\/wp-json\/wp\/v2\/pages\/576\/revisions"}],"predecessor-version":[{"id":908,"href":"https:\/\/solice.es\/site\/wp-json\/wp\/v2\/pages\/576\/revisions\/908"}],"wp:featuredmedia":[{"embeddable":true,"href":"https:\/\/solice.es\/site\/wp-json\/wp\/v2\/media\/755"}],"wp:attachment":[{"href":"https:\/\/solice.es\/site\/wp-json\/wp\/v2\/media?parent=576"}],"curies":[{"name":"wp","href":"https:\/\/api.w.org\/{rel}","templated":true}]}}