{"id":573,"date":"2014-07-22T17:23:26","date_gmt":"2014-07-22T17:23:26","guid":{"rendered":"http:\/\/solice.es\/site\/?page_id=573"},"modified":"2015-03-18T11:42:53","modified_gmt":"2015-03-18T11:42:53","slug":"operacion-y-mantenimiento","status":"publish","type":"page","link":"https:\/\/solice.es\/site\/operacion-y-mantenimiento\/","title":{"rendered":"Operaci\u00f3n y Mantenimiento"},"content":{"rendered":"<div id=\"pl-573\"  class=\"panel-layout\" ><div id=\"pg-573-0\"  class=\"panel-grid panel-no-style\" ><div id=\"pgc-573-0-0\"  class=\"panel-grid-cell\" ><div id=\"panel-573-0-0-0\" class=\"so-panel widget widget_siteorigin-panels-image panel-first-child panel-last-child\" data-index=\"0\" ><img decoding=\"async\" src=\"\/site\/wp-content\/uploads\/2014\/12\/Arroyo-del-borbon-placas.jpg\" \/><\/div><\/div><div id=\"pgc-573-0-1\"  class=\"panel-grid-cell\" ><div id=\"panel-573-0-1-0\" class=\"so-panel widget widget_black-studio-tinymce widget_black_studio_tinymce panel-first-child panel-last-child\" data-index=\"1\" ><div class=\"textwidget\"><p style=\"text-align: justify;\"><strong>Solice Energy<\/strong>\u00a0ofrece un servicio integral de operaci\u00f3n, mantenimiento, control y asistencia t\u00e9cnica al propietario de una instalaci\u00f3n fotovoltaica, as\u00ed conseguimos que \u00e9ste tenga la tranquilidad que deber\u00eda proporcionar una inversi\u00f3n de este tipo.<\/p>\n<p style=\"text-align: justify;\">Los servicios prestados son principalmente los siguientes:<\/p>\n<p style=\"text-align: justify;\">\u2022 Mantenimiento Preventivo.<\/p>\n<p style=\"text-align: justify;\">\u2022 Mantenimiento Correctivo.<\/p>\n<p style=\"text-align: justify;\">\u2022 Elaboraci\u00f3n de las propuestas t\u00e9cnicas y administrativas que permitan mejorar las condiciones de seguridad, capacidad de producci\u00f3n, eficiencia y fiabilidad de la planta de acuerdo con la legislaci\u00f3n vigente y el estado de la t\u00e9cnica aplicable en cada momento.<\/p>\n<p style=\"text-align: justify;\">\u2022 Reclamaci\u00f3n de las garant\u00edas pactadas con cada uno de los suministradores de componentes de la instalaci\u00f3n.<\/p>\n<p style=\"text-align: justify;\">\u2022 Informes para las reclamaciones a la compa\u00f1\u00eda aseguradora en caso de siniestro.<\/p>\n<p style=\"text-align: justify;\">\u00a0<\/p>\n<\/div><\/div><\/div><\/div><\/div>","protected":false},"excerpt":{"rendered":"<p>Solice Energy\u00a0ofrece un servicio integral de operaci\u00f3n, mantenimiento, control y asistencia t\u00e9cnica al propietario de una instalaci\u00f3n fotovoltaica, as\u00ed conseguimos que \u00e9ste tenga la tranquilidad que deber\u00eda proporcionar una inversi\u00f3n de este tipo.Los servicios prestados son principalmente los siguientes:\u2022 Mantenimiento &hellip; <a class=\"kt-excerpt-readmore\" href=\"https:\/\/solice.es\/site\/operacion-y-mantenimiento\/\" aria-label=\"Operaci\u00f3n y Mantenimiento\">Leer m&aacute;s<\/a><\/p>\n","protected":false},"author":1,"featured_media":0,"parent":0,"menu_order":0,"comment_status":"open","ping_status":"open","template":"page-fullwidth.php","meta":{"footnotes":""},"class_list":["post-573","page","type-page","status-publish","hentry"],"_links":{"self":[{"href":"https:\/\/solice.es\/site\/wp-json\/wp\/v2\/pages\/573","targetHints":{"allow":["GET"]}}],"collection":[{"href":"https:\/\/solice.es\/site\/wp-json\/wp\/v2\/pages"}],"about":[{"href":"https:\/\/solice.es\/site\/wp-json\/wp\/v2\/types\/page"}],"author":[{"embeddable":true,"href":"https:\/\/solice.es\/site\/wp-json\/wp\/v2\/users\/1"}],"replies":[{"embeddable":true,"href":"https:\/\/solice.es\/site\/wp-json\/wp\/v2\/comments?post=573"}],"version-history":[{"count":12,"href":"https:\/\/solice.es\/site\/wp-json\/wp\/v2\/pages\/573\/revisions"}],"predecessor-version":[{"id":921,"href":"https:\/\/solice.es\/site\/wp-json\/wp\/v2\/pages\/573\/revisions\/921"}],"wp:attachment":[{"href":"https:\/\/solice.es\/site\/wp-json\/wp\/v2\/media?parent=573"}],"curies":[{"name":"wp","href":"https:\/\/api.w.org\/{rel}","templated":true}]}}