{"id":41,"date":"2014-07-10T16:35:09","date_gmt":"2014-07-10T16:35:09","guid":{"rendered":"http:\/\/solice.es\/site\/?page_id=41"},"modified":"2015-12-01T09:50:53","modified_gmt":"2015-12-01T09:50:53","slug":"nuestra-mision","status":"publish","type":"page","link":"https:\/\/solice.es\/site\/nuestra-mision\/","title":{"rendered":"Nuestra misi\u00f3n"},"content":{"rendered":"<div id=\"pl-41\"  class=\"panel-layout\" ><div id=\"pg-41-0\"  class=\"panel-grid panel-no-style\" ><div id=\"pgc-41-0-0\"  class=\"panel-grid-cell\" ><div id=\"panel-41-0-0-0\" class=\"so-panel widget widget_virtue_about_with_image virtue_about_with_image panel-first-child panel-last-child\" data-index=\"0\" ><div class=\"kad_img_upload_widget kt-shape-type- kt-image-align-center kt-image-widget-widget-0-0-0\"><a href=\"http:\/\/solice.es\/site\/wp-content\/uploads\/2014\/12\/Arroyo-del-borbon-placa-reflejo.jpg\" rel=\"lightbox\"><div class=\"kt-image-contain  \"><div class=\"kt-image-inner-contain\"><img decoding=\"async\" src=\"http:\/\/solice.es\/site\/wp-content\/uploads\/2014\/12\/Arroyo-del-borbon-placa-reflejo.jpg\"><\/div><\/div><\/a><\/div><\/div><\/div><div id=\"pgc-41-0-1\"  class=\"panel-grid-cell\" ><div id=\"panel-41-0-1-0\" class=\"so-panel widget widget_black-studio-tinymce widget_black_studio_tinymce panel-first-child panel-last-child\" data-index=\"1\" ><div class=\"textwidget\"><p style=\"text-align: justify;\">\u00a0<\/p>\n<p style=\"text-align: justify;\">La misi\u00f3n de <strong>Solice Energy\u00a0<\/strong> es la de realizar instalaciones con conexi\u00f3n a la red y aisladas, rentables por s\u00ed mismas con la tecnolog\u00eda actual disponible.<\/p>\n<p style=\"text-align: justify;\">Para ejecutar esta estrategia, estamos en contacto permanente con fabricantes de m\u00f3dulos de primer nivel, empresas tecnol\u00f3gicas del sector, as\u00ed como en un estudio continuo y permanente de reducci\u00f3n de costes.<\/p>\n<\/div><\/div><\/div><\/div><\/div>","protected":false},"excerpt":{"rendered":"<p>\u00a0La misi\u00f3n de Solice Energy\u00a0 es la de realizar instalaciones con conexi\u00f3n a la red y aisladas, rentables por s\u00ed mismas con la tecnolog\u00eda actual disponible.Para ejecutar esta estrategia, estamos en contacto permanente con fabricantes de m\u00f3dulos de primer nivel, &hellip; <a class=\"kt-excerpt-readmore\" href=\"https:\/\/solice.es\/site\/nuestra-mision\/\" aria-label=\"Nuestra misi\u00f3n\">Leer m&aacute;s<\/a><\/p>\n","protected":false},"author":1,"featured_media":0,"parent":0,"menu_order":0,"comment_status":"open","ping_status":"open","template":"","meta":{"footnotes":""},"class_list":["post-41","page","type-page","status-publish","hentry"],"_links":{"self":[{"href":"https:\/\/solice.es\/site\/wp-json\/wp\/v2\/pages\/41","targetHints":{"allow":["GET"]}}],"collection":[{"href":"https:\/\/solice.es\/site\/wp-json\/wp\/v2\/pages"}],"about":[{"href":"https:\/\/solice.es\/site\/wp-json\/wp\/v2\/types\/page"}],"author":[{"embeddable":true,"href":"https:\/\/solice.es\/site\/wp-json\/wp\/v2\/users\/1"}],"replies":[{"embeddable":true,"href":"https:\/\/solice.es\/site\/wp-json\/wp\/v2\/comments?post=41"}],"version-history":[{"count":6,"href":"https:\/\/solice.es\/site\/wp-json\/wp\/v2\/pages\/41\/revisions"}],"predecessor-version":[{"id":879,"href":"https:\/\/solice.es\/site\/wp-json\/wp\/v2\/pages\/41\/revisions\/879"}],"wp:attachment":[{"href":"https:\/\/solice.es\/site\/wp-json\/wp\/v2\/media?parent=41"}],"curies":[{"name":"wp","href":"https:\/\/api.w.org\/{rel}","templated":true}]}}