{"id":38,"date":"2014-07-10T16:34:34","date_gmt":"2014-07-10T16:34:34","guid":{"rendered":"http:\/\/solice.es\/site\/?page_id=38"},"modified":"2025-07-17T11:57:54","modified_gmt":"2025-07-17T11:57:54","slug":"quienes-somos","status":"publish","type":"page","link":"https:\/\/solice.es\/site\/quienes-somos\/","title":{"rendered":"\u00bfQui\u00e9nes somos?"},"content":{"rendered":"<div id=\"pl-38\"  class=\"panel-layout\" ><div id=\"pg-38-0\"  class=\"panel-grid panel-no-style\" ><div id=\"pgc-38-0-0\"  class=\"panel-grid-cell\" ><div id=\"panel-38-0-0-0\" class=\"so-panel widget widget_virtue_about_with_image virtue_about_with_image panel-first-child panel-last-child\" data-index=\"0\" ><div class=\"kad_img_upload_widget kt-shape-type- kt-image-align-center kt-image-widget-widget-0-0-0\"><a href=\"http:\/\/solice.es\/site\/wp-content\/uploads\/2014\/12\/Espejo-solar-1.jpg\" rel=\"lightbox\"><div class=\"kt-image-contain  \"><div class=\"kt-image-inner-contain\"><img decoding=\"async\" src=\"http:\/\/solice.es\/site\/wp-content\/uploads\/2014\/12\/Espejo-solar-1.jpg\"><\/div><\/div><\/a><\/div><\/div><\/div><div id=\"pgc-38-0-1\"  class=\"panel-grid-cell\" ><div id=\"panel-38-0-1-0\" class=\"so-panel widget widget_black-studio-tinymce widget_black_studio_tinymce panel-first-child panel-last-child\" data-index=\"1\" ><div class=\"textwidget\"><p style=\"text-align: justify;\"><strong>Solice Energy, SL<\/strong>\u00a0es una empresa de ingenier\u00eda el\u00e9ctrica, dedicada \u00edntegramente y tecnol\u00f3gicamente a las energ\u00edas renovables, especialmente a la l\u00ednea de energ\u00eda solar fotovoltaica. Nuestra actividad consiste en la localizaci\u00f3n de ubicaciones, promoci\u00f3n, dise\u00f1o, construcci\u00f3n, operaci\u00f3n y mantenimiento de instalaciones, as\u00ed como auditor\u00edas y estudios de eficiencia energ\u00e9tica..<\/p>\n<p style=\"text-align: justify;\">Empresa de dilatada trayectoria, formada por un grupo de profesionales con amplia experiencia multidisciplinar que nos permite abordar nuestra actividad de forma eficaz y global, ofreciendo productos y servicios de la m\u00e1xima calidad y rentabilidad para sus clientes, haciendo de la calidad nuestro mejor argumento de venta.<\/p>\n<p style=\"text-align: justify;\">En <strong>Solice Energy, SL<\/strong>, estamos convencidos de que una apuesta decidida por la calidad de los productos y servicios ofrecidos as\u00ed como nuestra vinculaci\u00f3n a largo plazo con los proyectos promovidos, son factores que favorecer\u00e1n notablemente el desarrollo de nuestra actividad, lo que redundar\u00e1 positivamente en nuestros clientes.<\/p>\n<p style=\"text-align: justify;\">Estos objetivos de naturaleza empresarial no entran en discordancia con nuestra responsabilidad social y compromiso medioambiental y la aportaci\u00f3n a la sociedad que toda empresa debe considerar en el desarrollo de sus proyectos. En <strong>Solice Energy, SL<\/strong>, nos congratulamos que nuestra actividad en el \u00e1mbito de las energ\u00edas renovables, aporte un bienestar adicional mejorando el respeto al medioambiente.<\/p>\n<p style=\"text-align: justify;\">\n<\/div><\/div><\/div><\/div><\/div>","protected":false},"excerpt":{"rendered":"<p>Solice Energy, SL\u00a0es una empresa de ingenier\u00eda el\u00e9ctrica, dedicada \u00edntegramente y tecnol\u00f3gicamente a las energ\u00edas renovables, especialmente a la l\u00ednea de energ\u00eda solar fotovoltaica. Nuestra actividad consiste en la localizaci\u00f3n de ubicaciones, promoci\u00f3n, dise\u00f1o, construcci\u00f3n, operaci\u00f3n y mantenimiento de instalaciones, &hellip; <a class=\"kt-excerpt-readmore\" href=\"https:\/\/solice.es\/site\/quienes-somos\/\" aria-label=\"\u00bfQui\u00e9nes somos?\">Leer m&aacute;s<\/a><\/p>\n","protected":false},"author":1,"featured_media":0,"parent":0,"menu_order":0,"comment_status":"open","ping_status":"open","template":"page-fullwidth.php","meta":{"footnotes":""},"class_list":["post-38","page","type-page","status-publish","hentry"],"_links":{"self":[{"href":"https:\/\/solice.es\/site\/wp-json\/wp\/v2\/pages\/38","targetHints":{"allow":["GET"]}}],"collection":[{"href":"https:\/\/solice.es\/site\/wp-json\/wp\/v2\/pages"}],"about":[{"href":"https:\/\/solice.es\/site\/wp-json\/wp\/v2\/types\/page"}],"author":[{"embeddable":true,"href":"https:\/\/solice.es\/site\/wp-json\/wp\/v2\/users\/1"}],"replies":[{"embeddable":true,"href":"https:\/\/solice.es\/site\/wp-json\/wp\/v2\/comments?post=38"}],"version-history":[{"count":6,"href":"https:\/\/solice.es\/site\/wp-json\/wp\/v2\/pages\/38\/revisions"}],"predecessor-version":[{"id":1035,"href":"https:\/\/solice.es\/site\/wp-json\/wp\/v2\/pages\/38\/revisions\/1035"}],"wp:attachment":[{"href":"https:\/\/solice.es\/site\/wp-json\/wp\/v2\/media?parent=38"}],"curies":[{"name":"wp","href":"https:\/\/api.w.org\/{rel}","templated":true}]}}