{"id":1001,"date":"2019-11-18T19:44:31","date_gmt":"2019-11-18T19:44:31","guid":{"rendered":"http:\/\/solice.es\/site\/?page_id=1001"},"modified":"2023-12-14T12:37:46","modified_gmt":"2023-12-14T12:37:46","slug":"politica-de-privacidad","status":"publish","type":"page","link":"https:\/\/solice.es\/site\/politica-de-privacidad\/","title":{"rendered":"Pol\u00edtica de Privacidad"},"content":{"rendered":"<div id=\"pl-1001\"  class=\"panel-layout\" ><div id=\"pg-1001-0\"  class=\"panel-grid panel-no-style\" ><div id=\"pgc-1001-0-0\"  class=\"panel-grid-cell\" ><div id=\"panel-1001-0-0-0\" class=\"so-panel widget widget_black-studio-tinymce widget_black_studio_tinymce panel-first-child panel-last-child\" data-index=\"0\" ><div class=\"textwidget\"><p><strong>POL\u00cdTICA DE PRIVACIDAD<\/strong><\/p>\n<p>SOLICE ENERGY SL pone a su disposici\u00f3n a trav\u00e9s de la p\u00e1gina web www.solice.es la presente pol\u00edtica de privacidad con la finalidad de informarle, de forma detallada, sobre c\u00f3mo tratamos sus datos personales y protegemos su privacidad y la informaci\u00f3n que nos proporciona. En caso de introducir modificaciones en un futuro sobre la misma se lo comunicaremos a trav\u00e9s de la p\u00e1gina web o a trav\u00e9s de otros medios de modo que pueda conocer las nuevas condiciones de privacidad introducidas.<\/p>\n<p>&nbsp;<\/p>\n<p>En cumplimiento del Reglamento (UE) 2016\/679, General de Protecci\u00f3n de Datos y de la Ley Org\u00e1nica 3\/2018, de 5 de diciembre, de Protecci\u00f3n de Datos Personales y garant\u00eda de los derechos digitales le informamos de lo siguiente:<\/p>\n<p>&nbsp;<\/p>\n<p><strong>Responsable del Tratamiento<\/strong><\/p>\n<p>Titular: SOLICE ENERGY SL<\/p>\n<p>NIF: B14866073<\/p>\n<p>Domicilio social: Calle Escritor Crist\u00f3bal de Mesa 10, 1\u00ba 2 - 14007 de C\u00f3rdoba<\/p>\n<p>Tel\u00e9fono: 957408908<\/p>\n<p>Correo electr\u00f3nico: lola.perez@solice.es<\/p>\n<p>P\u00e1gina web: www.solice.es<\/p>\n<p>&nbsp;<\/p>\n<p><strong>\u00bfCon qu\u00e9 finalidad tratamos sus datos personales?<\/strong><\/p>\n<p>Recabamos y tratamos su informaci\u00f3n personal con car\u00e1cter general para gestionar la relaci\u00f3n que mantenemos con Ud. siendo las principales finalidades que tenemos identificadas las siguientes:<\/p>\n<ul>\n<li>Gesti\u00f3n y contrataci\u00f3n de los servicios ofrecidos por nuestra empresa<\/li>\n<li>Canalizar las solicitudes de informaci\u00f3n, sugerencias y reclamaciones que nos pueda hacer llegar<\/li>\n<li>Mantenerle informado sobre eventos, ofertas, productos y servicios que puedan resultar de su inter\u00e9s a trav\u00e9s de distintos canales de comunicaci\u00f3n siempre y cuando Ud. haya prestado su consentimiento.<\/li>\n<li>Gesti\u00f3n de la relaci\u00f3n laboral, en el caso de nuestros empleados.<\/li>\n<li>Gesti\u00f3n de la relaci\u00f3n comercial mantenida con nuestros proveedores<\/li>\n<li>Gesti\u00f3n de la selecci\u00f3n de personal<\/li>\n<li>Garantizar la seguridad de las personas e instalaciones<\/li>\n<\/ul>\n<p><strong>\u00bfC\u00f3mo recabamos su informaci\u00f3n?<\/strong><\/p>\n<p>Recabamos su informaci\u00f3n personal a trav\u00e9s de diferentes medios, pero siempre ser\u00e1 informado en el momento de la recogida mediante cl\u00e1usulas informativas sobre el responsable del tratamiento, la finalidad y la base legal del mismo, los destinatarios de los datos y el periodo de conservaci\u00f3n de su informaci\u00f3n, as\u00ed como la forma en que puede ejercer los derechos que le asisten en materia de protecci\u00f3n de datos.<\/p>\n<p>En general, la informaci\u00f3n personal que tratamos se limita a datos identificativos (nombre y apellidos, fecha de nacimiento, domicilio, DNI, tel\u00e9fono y correo electr\u00f3nico), servicios contratados y datos de pago y facturaci\u00f3n.<\/p>\n<p>Obtenemos los datos de nuestros potenciales clientes\/usuarios relativos a datos de identificaci\u00f3n (nombre, apellidos, NIF, direcci\u00f3n postal, tel\u00e9fono, email), profesionales (cargo, lugar de trabajo, sector de actividad) directamente de los mismos al solicitarnos informaci\u00f3n de nuestros servicios por las v\u00edas facilitadas.<\/p>\n<p>En los casos de gesti\u00f3n y selecci\u00f3n de personal recogemos los datos acad\u00e9micos y profesionales para poder atender a las obligaciones derivadas del mantenimiento de la relaci\u00f3n laboral o en su caso, entrar a formar parte de nuestra plantilla.<\/p>\n<p>A trav\u00e9s de nuestra p\u00e1gina web recabamos informaci\u00f3n personal relacionada con su navegaci\u00f3n a trav\u00e9s del uso de cookies. Para conocer de manera clara y precisa las cookies que utilizamos, cu\u00e1les son sus finalidades y c\u00f3mo puede configurarlas o deshabilitarlas, consulte nuestra <a href=\"https:\/\/solice.es\/site\/politica-de-cookies\/\">Pol\u00edtica de Cookies.<\/a><\/p>\n<p>Adem\u00e1s, nuestras instalaciones cuentan con un sistema de videovigilancia cuya funci\u00f3n es garantizar la seguridad de personas y bienes, por lo que su imagen puede ser grabada simplemente por el hecho de acceder a las mismas. Esas im\u00e1genes se custodian durante el plazo m\u00e1ximo de 1 mes desde su captaci\u00f3n y \u00fanicamente ser\u00edan comunicadas a las Fuerzas y Cuerpos de Seguridad del Estado en el caso de que resultase necesario.<\/p>\n<p><strong>Responsabilidad del usuario<\/strong><\/p>\n<p>Al facilitarnos sus datos a trav\u00e9s de canales electr\u00f3nicos, el usuario garantiza que es mayor de 14 a\u00f1os y que los datos facilitados son verdaderos, exactos, completos y actualizados. A estos efectos, el usuario confirma que responde de la veracidad de los datos comunicados y que mantendr\u00e1 convenientemente actualizada dicha informaci\u00f3n de modo que responda a su situaci\u00f3n real, haci\u00e9ndose responsable de los datos falsos e inexactos que pudiera proporcionar, as\u00ed como de los da\u00f1os y perjuicios, directos o indirectos, que pudieran derivarse.<\/p>\n<p>&nbsp;<\/p>\n<p><strong>\u00bfCu\u00e1nto conservamos su informaci\u00f3n?<\/strong><\/p>\n<p>S\u00f3lo conservamos su informaci\u00f3n por el periodo de tiempo necesario para cumplir con la finalidad para la que fue recogida, dar cumplimiento a las obligaciones legales que nos vienen impuestas y atender las posibles responsabilidades que pudieran derivar del cumplimiento de la finalidad por la que los datos fueron recabados.<\/p>\n<p>En el caso de que quiera entrar a formar parte de nuestra plantilla y opte a uno de nuestros puestos de trabajo, los datos proporcionados pasar\u00e1n a formar parte de nuestra bolsa de empleo y se conservar\u00e1n mientras dure el proceso selectivo y por un m\u00e1ximo de dos a\u00f1os o hasta que Ud. ejerza su derecho de supresi\u00f3n.<\/p>\n<p>Si en alg\u00fan momento hemos recogido sus datos para dirigirnos a usted como potencial usuario de nuestros servicios o dar respuesta a una solicitud de informaci\u00f3n realizada por su parte, dichos datos ser\u00e1n conservados por un m\u00e1ximo de dos a\u00f1os desde su recogida, pasando a eliminarse transcurrido dicho plazo si no se ha formalizado una relaci\u00f3n contractual o en el momento en que as\u00ed nos lo solicite.<\/p>\n<p>En todo caso, y por regla general, mantendremos su informaci\u00f3n personal mientras exista una relaci\u00f3n contractual que nos vincule o usted no ejerza su derecho de supresi\u00f3n y\/o limitaci\u00f3n del tratamiento, en cuyo caso, la informaci\u00f3n ser\u00e1 bloqueada sin darle uso m\u00e1s all\u00e1 de su conservaci\u00f3n, mientras pueda ser necesaria para el ejercicio o defensa de reclamaciones o pudiera derivarse alg\u00fan tipo de responsabilidad que tuviera que ser atendida.<\/p>\n<p><strong>\u00bfA qui\u00e9n comunicamos sus datos?<\/strong><\/p>\n<p>En general, no compartimos su informaci\u00f3n personal, salvo aquellas cesiones que debemos realizar en base a obligaciones legales impuestas.<\/p>\n<p>Aunque no se trata de una cesi\u00f3n de datos, para prestarle el servicio solicitado puede ser que terceras empresas, que act\u00faan como proveedores nuestros, accedan a su informaci\u00f3n para llevar a cabo el servicio que les hemos contratado. Estos encargados acceden a sus datos siguiendo nuestras instrucciones y sin que puedan utilizarlos para una finalidad diferente y manteniendo la m\u00e1s estricta confidencialidad. En caso de que resulte necesario derivado de un incidente registrado por nuestras c\u00e1maras de seguridad, sus im\u00e1genes podr\u00edan ser comunicadas a las Fuerzas y Cuerpos de Seguridad del Estado, en virtud de lo establecido en la Ley.<\/p>\n<p>Asimismo, su informaci\u00f3n personal estar\u00e1 a disposici\u00f3n de las Administraciones P\u00fablicas, Jueces y Tribunales, para la atenci\u00f3n de posibles responsabilidades nacidas del tratamiento.<\/p>\n<p><strong>Transferencias internacionales de datos<\/strong><\/p>\n<p>No existen transferencias internacionales de sus datos a pa\u00edses fuera del Espacio Econ\u00f3mico Europeo (EEE).<\/p>\n<p>Con nuestros proveedores hemos acordado que, para la prestaci\u00f3n del servicio contratado, hagan uso de servidores ubicados en el EEE y si, en un futuro, necesit\u00e1semos hacer uso de servidores localizados fuera del territorio de la UE, se adoptar\u00e1n las medidas adecuadas, que ser\u00e1n incorporadas a esta Pol\u00edtica de Privacidad, garantizando que dichos proveedores se hallan bajo el acuerdo de Privacy Shield o que existen otras garant\u00edas adecuadas.<\/p>\n<p><strong>\u00bfCu\u00e1les son sus derechos con relaci\u00f3n al tratamiento de sus datos y c\u00f3mo puede ejercerlos?<\/strong><\/p>\n<p>La normativa en materia de protecci\u00f3n de datos permite que pueda ejercer sus derechos de acceso, rectificaci\u00f3n, supresi\u00f3n y portabilidad de datos y oposici\u00f3n y limitaci\u00f3n a su tratamiento, as\u00ed como a no ser objeto de decisiones basadas \u00fanicamente en el tratamiento automatizado de sus datos, cuando proceda.<\/p>\n<p>Estos derechos se caracterizan por lo siguiente:<\/p>\n<ul>\n<li>Su ejercicio es gratuito, salvo que se trate de solicitudes manifiestamente infundadas o excesivas (p. ej., car\u00e1cter repetitivo), en cuyo caso podremos cobrar un canon proporcional a los costes administrativos soportados o negarse a actuar<\/li>\n<li>Puede ejercer los derechos directamente o por medio de tu representante legal o voluntario<\/li>\n<li>Debemos responder a su solicitud en el plazo de un mes, aunque, si se tiene en cuenta la complejidad y n\u00famero de solicitudes, se puede prorrogar el plazo en otros dos meses m\u00e1s.<\/li>\n<li>Tenemos la obligaci\u00f3n de informarle sobre los medios para ejercitar estos derechos, los cuales deben ser accesibles y sin poder denegarle el ejercicio del derecho por el solo motivo de optar por otro medio. Si la solicitud se presenta por medios electr\u00f3nicos, la informaci\u00f3n se facilitar\u00e1 por estos medios cuando sea posible, salvo que nos solicite que sea de otro modo.<\/li>\n<li>Si no damos curso a la solicitud, le informar\u00e1, a m\u00e1s tardar en un mes, de las razones de su no actuaci\u00f3n y la posibilidad de reclamar ante una Autoridad de Control<\/li>\n<\/ul>\n<p>A fin de facilitar su ejercicio, le facilitamos los enlaces al formulario de solicitud de cada uno de los derechos:<\/p>\n<p><a href=\"https:\/\/www.aepd.es\/documento\/formulario-derecho-de-acceso.pdf\" target=\"_blank\" rel=\"noopener\">Formulario ejercicio del derecho de acceso<\/a><\/p>\n<p><a href=\"https:\/\/www.aepd.es\/documento\/formulario-derecho-de-rectificacion.pdf\" target=\"_blank\" rel=\"noopener\">Formulario de ejercicio del derecho de rectificaci\u00f3n<\/a><\/p>\n<p><a href=\"https:\/\/www.aepd.es\/documento\/formulario-derecho-de-oposicion.pdf\" target=\"_blank\" rel=\"noopener\">Formulario de ejercicio del derecho de oposici\u00f3n<\/a><\/p>\n<p><a href=\"https:\/\/www.aepd.es\/documento\/formulario-derecho-de-supresion.pdf\" target=\"_blank\" rel=\"noopener\">Formulario de ejercicio del derecho de supresi\u00f3n (derecho \u201cal olvido\u201d)<\/a><\/p>\n<p><a href=\"https:\/\/www.aepd.es\/documento\/formulario-derecho-de-limitacion.pdf\" target=\"_blank\" rel=\"noopener\">Formulario de ejercicio del derecho a la limitaci\u00f3n del tratamiento<\/a><\/p>\n<p><a href=\"https:\/\/www.aepd.es\/documento\/formulario-derecho-de-portabilidad.pdf\" target=\"_blank\" rel=\"noopener\">Formulario de ejercicios del derecho a la portabilidad<\/a><\/p>\n<p><a href=\"https:\/\/www.aepd.es\/documento\/formulario-derecho-de-oposicion-decisiones-automatizadas.pdf\" target=\"_blank\" rel=\"noopener\">Formulario de ejercicio a no ser objeto de decisiones individuales automatizadas<\/a><\/p>\n<p>&nbsp;<\/p>\n<p><strong>Para ejercer sus derechos ponemos a su disposici\u00f3n los siguientes medios:<\/strong><\/p>\n<ol>\n<li>Mediante solicitud escrita y firmada dirigida a la empresa, Ref. Ejercicio de Derechos LOPD.<\/li>\n<li>Enviando formulario escaneado y firmado a la direcci\u00f3n de correo electr\u00f3nico que aparece m\u00e1s arriba indicando en el asunto Ejercicio de Derechos LOPD.<\/li>\n<\/ol>\n<p>En ambos casos, deber\u00e1 acreditar su identidad acompa\u00f1ando fotocopia o en su caso, copia escaneada, de su DNI o documento equivalente para poder verificar que s\u00f3lo damos respuesta al interesado o su representante legal, debiendo aportar en este caso documento acreditativo de la representaci\u00f3n.<\/p>\n<p>Asimismo, y especialmente si considera que no ha obtenido satisfacci\u00f3n plena en el ejercicio de sus derechos, le informamos que podr\u00e1 presentar una reclamaci\u00f3n ante la autoridad nacional de control dirigi\u00e9ndose a estos efectos a la Agencia Espa\u00f1ola de Protecci\u00f3n de Datos, C\/ Jorge Juan, 6 \u2013 28001 Madrid.<\/p>\n<p><strong>\u00bfC\u00f3mo protegemos su informaci\u00f3n?<\/strong><\/p>\n<p>Nos comprometemos a proteger su informaci\u00f3n personal.<\/p>\n<p>Utilizamos medidas, controles y procedimientos de car\u00e1cter f\u00edsico, organizativo y tecnol\u00f3gico, razonablemente fiables y efectivos, orientados a preservar la integridad y la seguridad de sus datos y garantizar su privacidad.<\/p>\n<p>Adem\u00e1s, todo el personal con acceso a los datos personales ha sido formado y tiene conocimiento de sus obligaciones con relaci\u00f3n a los tratamientos de sus datos personales.<\/p>\n<p>En el caso de los contratos que suscribimos con nuestros proveedores incluimos cl\u00e1usulas en las que se les exige mantener el deber de secreto respecto a los datos de car\u00e1cter personal a los que hayan tenido acceso en virtud del encargo realizado, as\u00ed como implantar las medidas de seguridad t\u00e9cnicas y organizativas necesarias para garantizar la confidencialidad, integridad, disponibilidad y resiliencia permanentes de los sistemas y servicios de tratamiento de los datos personales.<\/p>\n<p>Todas estas medidas de seguridad son revisadas de forma peri\u00f3dica para garantizar su adecuaci\u00f3n y efectividad.<\/p>\n<p>Sin embargo, la seguridad absoluta no se puede garantizar y no existe ning\u00fan sistema de seguridad que sea impenetrable por lo que, en el caso de cualquier informaci\u00f3n objeto de tratamiento y bajo nuestro control se viese comprometida como consecuencia de una brecha de seguridad, tomaremos las medidas adecuadas para investigar el incidente, notificarlo a la Autoridad de Control y, en su caso, a aquellos usuarios que se hubieran podido ver afectados para que tomen las medidas adecuadas.<\/p>\n<\/div><\/div><\/div><\/div><\/div>","protected":false},"excerpt":{"rendered":"<p>POL\u00cdTICA DE PRIVACIDAD SOLICE ENERGY SL pone a su disposici\u00f3n a trav\u00e9s de la p\u00e1gina web www.solice.es la presente pol\u00edtica de privacidad con la finalidad de informarle, de forma detallada, sobre c\u00f3mo tratamos sus datos personales y protegemos su privacidad &hellip; <a class=\"kt-excerpt-readmore\" href=\"https:\/\/solice.es\/site\/politica-de-privacidad\/\" aria-label=\"Pol\u00edtica de Privacidad\">Leer m&aacute;s<\/a><\/p>\n","protected":false},"author":1,"featured_media":0,"parent":0,"menu_order":0,"comment_status":"closed","ping_status":"closed","template":"","meta":{"footnotes":""},"class_list":["post-1001","page","type-page","status-publish","hentry"],"_links":{"self":[{"href":"https:\/\/solice.es\/site\/wp-json\/wp\/v2\/pages\/1001","targetHints":{"allow":["GET"]}}],"collection":[{"href":"https:\/\/solice.es\/site\/wp-json\/wp\/v2\/pages"}],"about":[{"href":"https:\/\/solice.es\/site\/wp-json\/wp\/v2\/types\/page"}],"author":[{"embeddable":true,"href":"https:\/\/solice.es\/site\/wp-json\/wp\/v2\/users\/1"}],"replies":[{"embeddable":true,"href":"https:\/\/solice.es\/site\/wp-json\/wp\/v2\/comments?post=1001"}],"version-history":[{"count":2,"href":"https:\/\/solice.es\/site\/wp-json\/wp\/v2\/pages\/1001\/revisions"}],"predecessor-version":[{"id":1016,"href":"https:\/\/solice.es\/site\/wp-json\/wp\/v2\/pages\/1001\/revisions\/1016"}],"wp:attachment":[{"href":"https:\/\/solice.es\/site\/wp-json\/wp\/v2\/media?parent=1001"}],"curies":[{"name":"wp","href":"https:\/\/api.w.org\/{rel}","templated":true}]}}